{"id":370,"date":"2018-10-01T17:03:00","date_gmt":"2018-10-01T21:03:00","guid":{"rendered":"https:\/\/mainetraditionalkarate.com\/?page_id=370"},"modified":"2022-07-25T09:40:55","modified_gmt":"2022-07-25T13:40:55","slug":"osmkkf-lineage","status":"publish","type":"page","link":"https:\/\/mainetraditionalkarate.com\/?page_id=370","title":{"rendered":"OSMKKF Lineage"},"content":{"rendered":"<p><img decoding=\"async\" class=\"alignnone size-full wp-image-1108\" style=\"padding: 0 15px; float: left;\" src=\"https:\/\/mainetraditionalkarate.com\/wp-content\/uploads\/2019\/03\/OSMKKF-Fist.png\" alt=\"OSMKKF Logo\" width=\"30%\" srcset=\"https:\/\/mainetraditionalkarate.com\/wp-content\/uploads\/2019\/03\/OSMKKF-Fist.png 218w, https:\/\/mainetraditionalkarate.com\/wp-content\/uploads\/2019\/03\/OSMKKF-Fist-100x100.png 100w, https:\/\/mainetraditionalkarate.com\/wp-content\/uploads\/2019\/03\/OSMKKF-Fist-150x150.png 150w\" sizes=\"(max-width: 218px) 100vw, 218px\" \/>The <strong>O<\/strong>kinawa <strong>S<\/strong>horinryu <strong>M<\/strong>atsumura Seito\u00a0<strong>K<\/strong>arate and <strong>K<\/strong>obudo <strong>F<\/strong>ederation has a rich history going back centuries. Karateka will be expected to know who the teachers in their lineage are come testing.<\/p>\n<p>OSMKKF is a worldwide federation that is overseen by Grandmaster Fusei Kise and his son Kaicho Isao Kise from their <a href=\"http:\/\/www.kenshin-kan.com\/\" target=\"_blank\" rel=\"noopener noreferrer\">home dojo in Okinawa<\/a>. There are at least <a href=\"https:\/\/mainetraditionalkarate.com\/everyone-is-welcome\/student-portal\/osmkkf-information\/our-federation\/\">30 active chartered dojos<\/a> worldwide with black belt ranking members regularly convening at annual camps to collaborate.<\/p>\n<p>The biographical information in our lineage below is provided purely for educational use for those that would like to know more about their teachers and the history of the art.<\/p>\n<p>&nbsp;<\/p>\n\t\t<div class=\"wpostahs-slider-wrp \" data-conf=\"{&quot;dots&quot;:&quot;true&quot;,&quot;arrows&quot;:&quot;true&quot;,&quot;loop&quot;:&quot;false&quot;,&quot;autoplay&quot;:&quot;false&quot;,&quot;autoplayInterval&quot;:3000,&quot;speed&quot;:300,&quot;fade&quot;:&quot;false&quot;,&quot;rtl&quot;:&quot;false&quot;,&quot;centermode&quot;:&quot;false&quot;,&quot;slidestoshow&quot;:3,&quot;lazyload&quot;:&quot;&quot;}\">\r\n\t\t\t<div class=\"wpostahs-slider wpostahs-slider-inner-wrp wpostahs-slider-design-1\">\r\n\t\t\t\t\n<div id=\"wpostahs-slider-nav-1\" class=\"wpostahs-slider-nav-1 wpostahs-slider-nav wpostahs-slick-slider\" data-slider-nav-for='wpostahs-slider-for-1'>\n\t\n\t\t<div class=\"wpostahs-slider-nav-title\">\n\t\t\t<div class=\"wpostahs-main-title\">\n\t\t\t\t\t\t\t<img decoding=\"async\"  src=\"https:\/\/mainetraditionalkarate.com\/wp-content\/uploads\/2018\/10\/SatonushiSakugawa_1.png\" alt=\"Satonushi  Sakugawa (1733-1815)\">\n\t\t\tSatonushi  Sakugawa (1733-1815)\t\t\t<\/div>\n\t\t<\/div>\n\t\n\t\t<div class=\"wpostahs-slider-nav-title\">\n\t\t\t<div class=\"wpostahs-main-title\">\n\t\t\t\t\t\t\t<img decoding=\"async\"  src=\"https:\/\/mainetraditionalkarate.com\/wp-content\/uploads\/2018\/10\/BushiMatsumura_1.png\" alt=\"Bushi Matsumura (1797-1889)\">\n\t\t\tBushi Matsumura (1797-1889)\t\t\t<\/div>\n\t\t<\/div>\n\t\n\t\t<div class=\"wpostahs-slider-nav-title\">\n\t\t\t<div class=\"wpostahs-main-title\">\n\t\t\t\t\t\t\t<img decoding=\"async\"  src=\"https:\/\/mainetraditionalkarate.com\/wp-content\/uploads\/2018\/10\/NabeMatsumura_1.png\" alt=\"Nabe Matsumura (1860-1930)\">\n\t\t\tNabe Matsumura (1860-1930)\t\t\t<\/div>\n\t\t<\/div>\n\t\n\t\t<div class=\"wpostahs-slider-nav-title\">\n\t\t\t<div class=\"wpostahs-main-title\">\n\t\t\t\t\t\t\t<img decoding=\"async\"  src=\"https:\/\/mainetraditionalkarate.com\/wp-content\/uploads\/2018\/10\/HohanSoken_1.png\" alt=\"Master Hohan Soken (1889-1982)\">\n\t\t\tMaster Hohan Soken (1889-1982)\t\t\t<\/div>\n\t\t<\/div>\n\t\n\t\t<div class=\"wpostahs-slider-nav-title\">\n\t\t\t<div class=\"wpostahs-main-title\">\n\t\t\t\t\t\t\t<img decoding=\"async\"  src=\"https:\/\/mainetraditionalkarate.com\/wp-content\/uploads\/2018\/10\/FuseiKise_1.png\" alt=\"Grand Master Fusei Kise\">\n\t\t\tGrand Master Fusei Kise\t\t\t<\/div>\n\t\t<\/div>\n\t\n\t\t<div class=\"wpostahs-slider-nav-title\">\n\t\t\t<div class=\"wpostahs-main-title\">\n\t\t\t\t\t\t\t<img decoding=\"async\"  src=\"https:\/\/mainetraditionalkarate.com\/wp-content\/uploads\/2018\/10\/IsaoKise_1.png\" alt=\"Kaicho Isao Kise\">\n\t\t\tKaicho Isao Kise\t\t\t<\/div>\n\t\t<\/div>\n\t\n\t\t<div class=\"wpostahs-slider-nav-title\">\n\t\t\t<div class=\"wpostahs-main-title\">\n\t\t\t\t\t\t\t<img decoding=\"async\"  src=\"https:\/\/mainetraditionalkarate.com\/wp-content\/uploads\/2018\/10\/HanshiJohnShipes_1.png\" alt=\"Hanshi John Shipes\">\n\t\t\tHanshi John Shipes\t\t\t<\/div>\n\t\t<\/div>\n\t\n\t\t<div class=\"wpostahs-slider-nav-title\">\n\t\t\t<div class=\"wpostahs-main-title\">\n\t\t\t\t\t\t\t<img decoding=\"async\"  src=\"https:\/\/mainetraditionalkarate.com\/wp-content\/uploads\/2018\/10\/2020-Headshot-Godan-Steve-Apsega.png\" alt=\"Sensei Steve Apsega\">\n\t\t\tSensei Steve Apsega\t\t\t<\/div>\n\t\t<\/div>\n\t<\/div>\n\n<div class=\"wpostahs-slider-for-1 wpostahs-slider-for wpostahs-slick-slider\">\n\t\t\t<div class=\"wpostahs-slider-nav-content\">\n\t\t\t<h2 class=\"wpostahs-centent-title\">Satonushi  Sakugawa (1733-1815)<\/h2>\n\t\t\t<div class=\"wpostahs-centent\">\n\t\t\t\t<p>From <a href=\"https:\/\/en.wikipedia.org\/wiki\/Sakugawa_Kanga\">Wikipedia Article<\/a>:<\/p>\n<blockquote><p>In 1750, Sakukawa (or Sakugawa) began his training as a student of a Ry\u016bky\u016ban monk, Peichin Takahara. After six years of training, Takahara suggested that Sakugawa train under Kusanku, a Chinese master in Ch&#8217;uan Fa. Sakugawa spent six years training with Kusanku, and began to spread what he learned to Ry\u016bky\u016b in 1762. He became such an expert that people gave him, as a nickname: &#8220;T\u014dde&#8221; Sakugawa (Sakugawa &#8220;Chinese Hand&#8221;). His most famous student, Matsumura S\u014dkon, went on to develop the Shuri-te which later develop into Sh\u014drin-ry\u016b style of karate.<\/p><\/blockquote>\n\t\t\t<\/div>\n\t\t<\/div>\n\t\t\t<div class=\"wpostahs-slider-nav-content\">\n\t\t\t<h2 class=\"wpostahs-centent-title\">Bushi Matsumura (1797-1889)<\/h2>\n\t\t\t<div class=\"wpostahs-centent\">\n\t\t\t\t<p>From <a href=\"https:\/\/en.wikipedia.org\/wiki\/Matsumura_S%C5%8Dkon\">Wikipedia article<\/a>:<\/p>\n<blockquote><p>Matsumura S\u014dkon was born in Yamagawa Village, Shuri, Okinawa. Matsumura began the study of karate under the guidance of Sakukawa Kanga. Sakukawa was an old man at the time and reluctant to teach the young Matsumura, who was regarded as something of a troublemaker. However, Sakukawa had promised Kaiyo S\u014dfuku, Matsumura S\u014dkon\u2019s father, that he would teach the boy, and thus he did. Matsumura spent five years studying under Sakukawa. As a young man, Matsumura had already garnered a reputation as an expert in the martial arts.<\/p>\n<p>Matsumura was recruited into the service of the Sh\u014d family, the royal family of the Ry\u016bky\u016b Kingdom in 1836 and received the title Shikudon (also Chikudun Pechin), a gentry rank. He began his career by serving the 17th King of Ry\u016bky\u016b&#8217;s second Sh\u014d dynasty, King Sh\u014d K\u014d. In 1838 he married Yonamine Chiru, who was a martial arts expert as well. Matsumura eventually became the chief martial arts instructor and bodyguard for the Okinawan King Sh\u014d K\u014d. He subsequently served in this capacity for the last two Okinawan kings, Sh\u014d Iku and Sh\u014d Tai. Matsumura traveled on behalf of the royal government to Fuzhou and Satsuma. He studied Chuan Fa in China as well as other martial arts and brought what he learned back to Okinawa.<\/p>\n<p>He was the first to introduce the principles of Satsuma&#8217;s swordsmanship school, Jigen-ry\u016b, into Ry\u016bky\u016b kobujutsu (Ry\u016bky\u016ban traditional martial arts) and he is credited with creating the foundation for the b\u014djutsu of Tsuken. He passed on Jigen-ry\u016b to some of his students, including Ank\u014d Asato and Itarashiki Chochu. The Tsuken B\u014d tradition was perfected by Tsuken Seisoku Ueekata of Shuri.<\/p>\n<p>Matsumura is credited with passing on the Sh\u014drin-ry\u016b Kemp\u014d-karate kata known as naihanchi I &amp; II, passai, seisan, chint\u014d, goj\u016bshiho, kusanku (the embodiment of kusanku&#8217;s teaching as passed on to Tode Sakugawa) and hakutsuru. The hakutsuru kata contains the elements of the Fujian White Crane system taught within the Shaolin system which was created by Fang Qiniang after destroying the gang who murdered her father Fang Zhonggong (Fang Shiyu). Lin Shixian was a Master of Black Crane and Eighteen Fist Monk Boxing. One of his Masters was Fang Zhonggong. He helped train Fang Quinang to defeat the gang who killed her father. Kwan Pang Yuiba (1828-1912) became master of Shaolin White Crane in the temple and supplanted Black Crane in 1837 as the official Temple Crane style, he was first student of F\u0101ng Q\u012bni\u00e1ng.<\/p>\n<p>Matsumura was given the title &#8220;bushi&#8221; meaning &#8220;warrior&#8221; by the Okinawan king in recognition of his abilities and accomplishments in the martial arts. Described by Gichin Funakoshi as a sensei with a terrifying presence, Matsumura was never defeated in a duel, though he fought many. Tall, thin, and possessing a pair of unsettling eyes, Matsumura was described by his student Ank\u014d Itosu as blindingly fast and deceptively strong. His martial arts endeavors have been the progenitor of many contemporary karate styles: Sh\u014drin-ry\u016b, Shotokan, and Shit\u014d-ry\u016b, for example. Ultimately, all modern styles of karate that evolved from the Shuri-te lineage can be traced back to the teachings of Bushi Matsumura. Of note, his grandson was the modern T\u014dde master, Tsuyoshi Chitose, who assisted Gichin Funakoshi in the early introduction and teaching of karate in Japan and who founded the Chit\u014d-ry\u016b (\u5343\u5510\u6d41 ?) style.<\/p><\/blockquote>\n\t\t\t<\/div>\n\t\t<\/div>\n\t\t\t<div class=\"wpostahs-slider-nav-content\">\n\t\t\t<h2 class=\"wpostahs-centent-title\">Nabe Matsumura (1860-1930)<\/h2>\n\t\t\t<div class=\"wpostahs-centent\">\n\t\t\t\t<p>From <a href=\"https:\/\/en.wikipedia.org\/wiki\/Nabe_Matsumura\">Wikipedia article<\/a>:<\/p>\n<blockquote><p>Nabe Mastsumura, born 1860, was the grandson of Matsumura S\u014dkon, who founded the Sh\u014drin-ry\u016b style of karate. Being related to S\u014dkon meant that Nabe was privileged to extremely thorough training from his grandfather in the family&#8217;s style, as well as the secret White Crane system that was only taught to immediate family members.[1]<\/p>\n<p>In his martial arts career as a sensei, Nabe had only one student: his nephew, Hohan S\u014dken. Upon his death in 1930, he passed his Menkyo Kaiden to Hohan S\u014dken, who continued the Matsumura family tradition by solidifying the Sh\u014drin-ry\u016b style of Matsumura Seito karate-do.<\/p><\/blockquote>\n\t\t\t<\/div>\n\t\t<\/div>\n\t\t\t<div class=\"wpostahs-slider-nav-content\">\n\t\t\t<h2 class=\"wpostahs-centent-title\">Master Hohan Soken (1889-1982)<\/h2>\n\t\t\t<div class=\"wpostahs-centent\">\n\t\t\t\t<p>From <a href=\"https:\/\/en.wikipedia.org\/wiki\/Hohan_S%C5%8Dken\">Wikipedia article<\/a>:<\/p>\n<blockquote><p>He was born May 25, 1889 (although at least one text puts his birth year as 1891) in Nishihara, Okinawa.<\/p>\n<p>He was the nephew of Nabe Matsumura (who was the grandson of Matsumura S\u014dkon). He began karate training at 13 under his uncle. Matsumura taught him several kata, including Naihanchi Shodan, Naihanchi Nidan, Naihanchi Sandan, Pinan Shodan, Pinan Nidan, Passai Sho, Passai Dai, Chinto, Kusanku, Gojushiho, Sesan, Rohai Jo, Rohai Chu, Rohai Ge, and finally at age 23, Hakutsuru. Soken has said in interviews that Kusanku is the most important kata to the style.<\/p>\n<p>In 1924, S\u014dken emigrated to Argentina. While in Argentina, he worked as a photographer and clothes cleaner. He also taught karate to Japanese and Okinawan ex-pats in Buenos Aires. In 1952, he returned to Okinawa and started to teach karate, first to family members. Then he opened a small dojo to the public. At first, he called the style &#8220;Matsumura Shuri-te.&#8221; But in 1956, changed the name to Matsumura Seito Sh\u014drin-ry\u016b karate.<\/p>\n<p>Hohan S\u014dken died on November 30, 1982 in Nishihara, Okinawa.<\/p>\n<p>Among his students were Seiki Arakaki, Kohana Nakazato, Inoue, Masaya Kyan, Nishihira Kosei, Yuichi Kuda, Fusei Kise, Takaya Yabiku, James H. Coffman, and Ted Lange.<\/p><\/blockquote>\n\t\t\t<\/div>\n\t\t<\/div>\n\t\t\t<div class=\"wpostahs-slider-nav-content\">\n\t\t\t<h2 class=\"wpostahs-centent-title\">Grand Master Fusei Kise<\/h2>\n\t\t\t<div class=\"wpostahs-centent\">\n\t\t\t\t<p>From <a href=\"http:\/\/www.kenshin-kan.com\/instructors\/hanshi-fusei-kise\/\">Kenshin Kan site<\/a>:<\/p>\n<blockquote><p>Grand Master Kise has been training for well over 45 years. He holds a 10th Degree Black Belt in Kenshin Kan Shorin-Ryu and is the President of the All Okinawan Shorin Ryu Kenshin Kan Karate and Kobudo Federation. He is also a 9th Degree Black Belt in Okinawan Kempo and a 10th Degree Black Belt in Shorinji Ryu Karate. Grand Master Kise has Dojo\u2019s (Schools) all over the world. His headquarters is located in Okinawa City, Okinawa Japan. Grand Master Kise makes trips to the United States once a year and also travels to other countries as well to teach the art of Kenshin Kan Shorin Ryu as well as Kobudo (Weapons) Training.<\/p>\n<p>MASTER FUSEI KISE was born on May 4, 1935. He began his study of Karate in 1947 from his Uncle Master Makabe. In 1955 Master Kise became a student of Master Nobutake Shingake and receive his SHO DAN.<\/p>\n<p>In 1958 Master Kise began studying under Grand Master Hohan Soken, the third successor of Shorin Ryu Matsumura Seito Karate-Do. In 1960 he was a student of Grand<br \/>\nMaster Shigeru Nakamura, Okinawan Kenpo Karate-Do Federation and qualified for his 7th Degree Black Belt. After five years of training, Master Kise became a shihan or Master on January 1, 1965 when he passed the 7th Dan examination under Grand Master Shigeru Nakamura. At that time Master Kise taught and practice Shorinji Ryu Karate-Do. Also during this time he was studying Shorin Ryu under Grand Master Hohan Soken.<\/p>\n<p>On January 1, 1957 Master Kise switched completely over to the Shorin Ryu Matsumura Seito (Orthodox Karate- Do). On January 3, 1972 Master Kise qualified for the Hanshi title by passing the 8th Dan examination held by Grand Master Hohan Soken and Master Makabe. Sep 1st 1976 Master Kise qualified for his 9th Dan by Grand Master Hohan Soken. In 1977 Master Kise founded the Shorin Ryu Karate Kenshin Kan Karate and Kobudo Federation. On Oct 25 1987 Master Kise was promoted to 10th Dan by Master Shigaru Tamaiya.<\/p>\n<p>In 2001 the Government of Japan gave there Seal of Approval to the accuracy of Master Kise\u2019s book. They have stated that he (Grand Master Kise ) is the sole true heir to Matsumura Orthodox Karate, being passed down to him from Soken Sensei. This has been entered into the official Government Archives. This means there can be no more disputing the Lineage of Matsumura Orthodox Karate. It belongs to our Grand Master.<\/p><\/blockquote>\n\t\t\t<\/div>\n\t\t<\/div>\n\t\t\t<div class=\"wpostahs-slider-nav-content\">\n\t\t\t<h2 class=\"wpostahs-centent-title\">Kaicho Isao Kise<\/h2>\n\t\t\t<div class=\"wpostahs-centent\">\n\t\t\t\t<p>From <a href=\"http:\/\/www.kenshin-kan.com\/instructors\/kaicho-isao-kise\/\">Kenshin Kan site<\/a>:<\/p>\n<blockquote><p>KAICHO Isao Kise is President of the All Okinawan Shorin Ryu Matsumura Seito (and Kenshin Kan) Karate and Kobudo Federation. He is the son of Grand Master Kise Fusei and his designated successor. Kaicho holds the rank of Kudan, 9th degree Black Belt. Kaicho (president) teaches at the Main Dojo, Okinawa City, Okinawa Japan. He was the All Okinawan Kata, Kobudo, and Kumite Grand Champion.<\/p>\n<p>Kaicho teaches Traditional Karate, Sport Karate, Sport Kumite as well as full contact Karate. He is a senior judge for tournaments throughout the Island of Okinawa. Kaicho has been training since the age of 4 and was born July 27, 1957. Kaicho believes in hard demanding workouts and trains his students to be champions. Kaicho was promoted to the rank of Hachi Dan (8th Dan) on January 18th 1998.<\/p><\/blockquote>\n\t\t\t<\/div>\n\t\t<\/div>\n\t\t\t<div class=\"wpostahs-slider-nav-content\">\n\t\t\t<h2 class=\"wpostahs-centent-title\">Hanshi John Shipes<\/h2>\n\t\t\t<div class=\"wpostahs-centent\">\n\t\t\t\t<p>From <a href=\"http:\/\/www.georgiakenshinkan.com\/lineage.html\">Georgia Kenshin Kan site<\/a>:<\/p>\n<blockquote><p>Hanshi John Shipes, US West Coast Director of the OSMKKF. Hanshi Shipes began his formal martial arts training in 1978 under Master Roy Kurban in Arlington, Tx in Tae Kwon Do, and trained there for about 4 years. He moved to Palestine, Tx in 1981 when he first met Steve Warren, a student of Master Kise\u2019s, and trained with him for about 3 months.<\/p>\n<p>He then joined the Cha Yon Ryu system of Master Kim Soo under instructor Ken Pickle, a more familiar Tae Kwon Do based system. This training continued for about a year when Sensei Shipes left Mr. Pickle\u2019s school and returned to Sensei Warren\u2019s school and has remained with Master Kise\u2019s system ever since. Hanshi Shipes also Hosts an annual training camp dedicated just to practicing the art of tuite (joint locks).<\/p><\/blockquote>\n\t\t\t<\/div>\n\t\t<\/div>\n\t\t\t<div class=\"wpostahs-slider-nav-content\">\n\t\t\t<h2 class=\"wpostahs-centent-title\">Sensei Steve Apsega<\/h2>\n\t\t\t<div class=\"wpostahs-centent\">\n\t\t\t\t<h4>Rokudan<\/h4>\n<p>Steve Apsega, began formal training in the Shorin Ryu Matsumura Seito Karate in 1986. Establishing his first Maine Traditional Karate dojo in Whitneyville, Maine in 1990, Sensei Apsega later opened dojos in Hermon (2000), Orrington (2003), and Old Town (2010). The sole break in Sensei Apsega\u2019s decades of teaching experience came in 1994 \u2013 1998 when he honorably served our country as an Airborne Certified United States Marine.<\/p>\n<p>Upon discharge from the Marine Corp, Sensei Apsega reengaged in training and teaching the Shorin Ryu Matsumura Seito system. His continuing efforts earned him promotion to Nidan (2nd Degree Black Belt) on June 10, 2000, Sandan (3rd Degree Black Belt) on May 22, 2004, Yondan (4th Degree Black Belt) on May 16, 2009, and Godan (5th Degree Black Belt) on May 25th, 2013. Committed to accurately preserving the 300 year old karate system he practices, Sensei Apsega traveled to Okinawa Japan in 2004 and 2006 to personally train with Grandmaster Fusei Kise and Master Kise\u2019s son, Kaicho Isao Kise.<\/p>\n<p>On June 11, 2021 Sensei Steve traveled to Tyler, TX, and successfully tested for Rokudan (6th Degree Black Belt) with Hanshi John Shipes.<\/p>\n<p>Sensei Apsega maintains his proficiency, in part, by regularly traveling to Athens, Texas to train with his teacher, Hanshi John Shipes. Hanshi Shipes, a Kyudan (9th Degree Black Belt), serves as Co-director of the United States Branch of Grandmaster Fusei Kise&#8217;s Okinawan Shorinryu Matsumura Seito Karate and Kobudo Federation (OSMKKF).<\/p>\n<p>As a Senior Student of Hanshi Shipes, Sensei Apsega attends and assists his teacher in hosting Master Kise and Kaicho Isao Kise\u2019s annual trainings in the United States. Through his ongoing professional development activities, Sensei Apsega maintains OSMKKF Full Instructor Certification in Karate, Kobudo, and Tuite. Sensei Steve has completed Kusanku and Sakagawa no Kon Sho, two of our system&#8217;s highest level katas.<\/p>\n<p>Although you will never hear Sensei mention it, his Maine Traditional Karate students are proud of, and wholeheartedly support, the April 26, 2014 OSMKKF bestowal of the title Renshi (i.e., Polished Master) upon our Sensei.<\/p>\n\t\t\t<\/div>\n\t\t<\/div>\n\t<\/div><!-- #post-## -->\t\t\t<\/div>\r\n\t\t<\/div>\r\n\t\t\n<p><a title=\"Dojo Things-To-Know\" href=\"https:\/\/mainetraditionalkarate.com\/?page_id=346\"><em>Back to Dojo Things-To-Know<\/em><\/a><\/p>\n","protected":false},"excerpt":{"rendered":"<p>The Okinawa Shorinryu Matsumura Seito\u00a0Karate and Kobudo Federation has a rich history going back centuries. Karateka will be expected to know who the teachers in their lineage are come testing. OSMKKF is a worldwide federation that is overseen by Grandmaster Fusei Kise and his son Kaicho Isao Kise from their home dojo in Okinawa. There &hellip; <\/p>\n<p class=\"link-more\"><a href=\"https:\/\/mainetraditionalkarate.com\/?timeline_slider_post=sensei-steve-apsega-present-day\" class=\"more-link\">Continue reading<span class=\"screen-reader-text\"> &#8220;Sensei Steve Apsega&#8221;<\/span><\/a><\/p>\n","protected":false},"author":2,"featured_media":1229,"parent":680,"menu_order":0,"comment_status":"closed","ping_status":"closed","template":"","meta":{"_exactmetrics_skip_tracking":false,"_exactmetrics_sitenote_active":false,"_exactmetrics_sitenote_note":"","_exactmetrics_sitenote_category":0,"_monsterinsights_skip_tracking":false,"_monsterinsights_sitenote_active":false,"_monsterinsights_sitenote_note":"","_monsterinsights_sitenote_category":0,"footnotes":""},"class_list":["post-370","page","type-page","status-publish","has-post-thumbnail","hentry"],"aioseo_notices":[],"_links":{"self":[{"href":"https:\/\/mainetraditionalkarate.com\/index.php?rest_route=\/wp\/v2\/pages\/370","targetHints":{"allow":["GET"]}}],"collection":[{"href":"https:\/\/mainetraditionalkarate.com\/index.php?rest_route=\/wp\/v2\/pages"}],"about":[{"href":"https:\/\/mainetraditionalkarate.com\/index.php?rest_route=\/wp\/v2\/types\/page"}],"author":[{"embeddable":true,"href":"https:\/\/mainetraditionalkarate.com\/index.php?rest_route=\/wp\/v2\/users\/2"}],"replies":[{"embeddable":true,"href":"https:\/\/mainetraditionalkarate.com\/index.php?rest_route=%2Fwp%2Fv2%2Fcomments&post=370"}],"version-history":[{"count":21,"href":"https:\/\/mainetraditionalkarate.com\/index.php?rest_route=\/wp\/v2\/pages\/370\/revisions"}],"predecessor-version":[{"id":1835,"href":"https:\/\/mainetraditionalkarate.com\/index.php?rest_route=\/wp\/v2\/pages\/370\/revisions\/1835"}],"up":[{"embeddable":true,"href":"https:\/\/mainetraditionalkarate.com\/index.php?rest_route=\/wp\/v2\/pages\/680"}],"wp:featuredmedia":[{"embeddable":true,"href":"https:\/\/mainetraditionalkarate.com\/index.php?rest_route=\/wp\/v2\/media\/1229"}],"wp:attachment":[{"href":"https:\/\/mainetraditionalkarate.com\/index.php?rest_route=%2Fwp%2Fv2%2Fmedia&parent=370"}],"curies":[{"name":"wp","href":"https:\/\/api.w.org\/{rel}","templated":true}]}}